{"id":296,"date":"2012-10-19T10:42:34","date_gmt":"2012-10-19T10:42:34","guid":{"rendered":"http:\/\/smartit.webtemplatemasters.com\/?page_id=296"},"modified":"2012-10-19T10:42:34","modified_gmt":"2012-10-19T10:42:34","slug":"extra-shortcodes","status":"publish","type":"page","link":"https:\/\/rotasolucoesti.com.br\/index.php\/about\/extra-shortcodes\/","title":{"rendered":"Extra shortcodes"},"content":{"rendered":"<h3>Self Hosted Audio File Shortcode<\/h3>\n\n<p>[divider style=&#8221;blank&#8221;][\/divider]<\/p>\n<h3>Self Hosted Video File Shortcode<\/h3>\n\n<p>[divider style=&#8221;blank&#8221;][\/divider]<\/p>\n<h3>Google Charts Shortcode<\/h3>\n<p>[chart type=&#8221;pie&#8221; width=&#8221;500&#8243; height=&#8221;400&#8243; title=&#8221;Sample Pie Chart&#8221; bgcolor=&#8221;&#8221; font_name=&#8221;Arial&#8221; font_size=&#8221;8&#8243; chart_titles=&#8221;Task,Hours per Day&#8221;]sleep:2,eat:2,work:2[\/chart]<\/p>\n<p>[divider style=&#8221;blank&#8221;][\/divider]<\/p>\n<h3>Google Map Shortcode<\/h3>\n<p>[gmap width=&#8221;500&#8243; height=&#8221;300&#8243; latitude=&#8221;40.714623&#8243; longitude=&#8221;-74.006605&#8243; zoom=&#8221;10&#8243; controls=&#8221;&#8221; scrollwheel=&#8221;0&#8243; maptype=&#8221;ROADMAP&#8221; marker=&#8221;0&#8243; popup=&#8221;0&#8243;][\/gmap]<\/p>\n<p>[divider style=&#8221;blank&#8221;][\/divider]<\/p>\n<h3>Image Shortcode with lightbox<\/h3>\n<p>[image link=&#8221;http:\/\/&#8221; link_title=&#8221;Link Title&#8221; target=&#8221;_self&#8221; open_as=&#8221;fancybox&#8221; shadow=&#8221;disable&#8221; fancybox_group=&#8221;&#8221; width=&#8221;300&#8243; height=&#8221;200&#8243; alt=&#8221;Alternate Text&#8221; align=&#8221;none&#8221; margin_top=&#8221;0&#8243; margin_right=&#8221;0&#8243; margin_bottom=&#8221;0&#8243; margin_left=&#8221;0&#8243;]http:\/\/smartit.webtemplatemasters.com\/uploads\/2012\/10\/photodune-651171-funny-business-man-s.jpg[\/image]<\/p>\n<p>[divider style=&#8221;blank&#8221;][\/divider]<\/p>\n<h3>Twitter Shortcode<\/h3>\n<p>[twitter count=3]thememakers[\/twitter]<\/p>\n","protected":false},"excerpt":{"rendered":"<p>Self Hosted Audio File Shortcode [divider style=&#8221;blank&#8221;][\/divider] Self Hosted Video File Shortcode [divider style=&#8221;blank&#8221;][\/divider] Google Charts Shortcode [chart type=&#8221;pie&#8221; width=&#8221;500&#8243; height=&#8221;400&#8243; title=&#8221;Sample Pie Chart&#8221; bgcolor=&#8221;&#8221; font_name=&#8221;Arial&#8221; font_size=&#8221;8&#8243; chart_titles=&#8221;Task,Hours per Day&#8221;]sleep:2,eat:2,work:2[\/chart] [divider style=&#8221;blank&#8221;][\/divider] Google Map Shortcode [gmap width=&#8221;500&#8243; height=&#8221;300&#8243; latitude=&#8221;40.714623&#8243; longitude=&#8221;-74.006605&#8243; zoom=&#8221;10&#8243; controls=&#8221;&#8221; scrollwheel=&#8221;0&#8243; maptype=&#8221;ROADMAP&#8221; marker=&#8221;0&#8243; popup=&#8221;0&#8243;][\/gmap] [divider style=&#8221;blank&#8221;][\/divider] Image Shortcode with lightbox [image link=&#8221;http:\/\/&#8221; link_title=&#8221;Link [&hellip;]<\/p>\n","protected":false},"author":2,"featured_media":0,"parent":14,"menu_order":0,"comment_status":"open","ping_status":"closed","template":"","meta":{"om_disable_all_campaigns":false,"_monsterinsights_skip_tracking":false,"_monsterinsights_sitenote_active":false,"_monsterinsights_sitenote_note":"","_monsterinsights_sitenote_category":0,"footnotes":""},"class_list":["post-296","page","type-page","status-publish","hentry"],"yoast_head":"<!-- This site is optimized with the Yoast SEO plugin v19.2 - https:\/\/yoast.com\/wordpress\/plugins\/seo\/ -->\n<title>Extra shortcodes - Rota Solu\u00e7\u00f5es em TI<\/title>\n<meta name=\"robots\" content=\"noindex, follow, max-snippet:-1, max-image-preview:large, max-video-preview:-1\" \/>\n<meta property=\"og:locale\" content=\"en_US\" \/>\n<meta property=\"og:type\" content=\"article\" \/>\n<meta property=\"og:title\" content=\"Extra shortcodes - Rota Solu\u00e7\u00f5es em TI\" \/>\n<meta property=\"og:description\" content=\"Self Hosted Audio File Shortcode [divider style=&#8221;blank&#8221;][\/divider] Self Hosted Video File Shortcode [divider style=&#8221;blank&#8221;][\/divider] Google Charts Shortcode [chart type=&#8221;pie&#8221; width=&#8221;500&#8243; height=&#8221;400&#8243; title=&#8221;Sample Pie Chart&#8221; bgcolor=&#8221;&#8221; font_name=&#8221;Arial&#8221; font_size=&#8221;8&#8243; chart_titles=&#8221;Task,Hours per Day&#8221;]sleep:2,eat:2,work:2[\/chart] [divider style=&#8221;blank&#8221;][\/divider] Google Map Shortcode [gmap width=&#8221;500&#8243; height=&#8221;300&#8243; latitude=&#8221;40.714623&#8243; longitude=&#8221;-74.006605&#8243; zoom=&#8221;10&#8243; controls=&#8221;&#8221; scrollwheel=&#8221;0&#8243; maptype=&#8221;ROADMAP&#8221; marker=&#8221;0&#8243; popup=&#8221;0&#8243;][\/gmap] [divider style=&#8221;blank&#8221;][\/divider] Image Shortcode with lightbox [image link=&#8221;http:\/\/&#8221; link_title=&#8221;Link [&hellip;]\" \/>\n<meta property=\"og:url\" content=\"https:\/\/rotasolucoesti.com.br\/index.php\/about\/extra-shortcodes\/\" \/>\n<meta property=\"og:site_name\" content=\"Rota Solu\u00e7\u00f5es em TI\" \/>\n<meta name=\"author\" content=\"Alex TM\" \/>\n<meta name=\"twitter:card\" content=\"summary_large_image\" \/>\n<meta name=\"twitter:label1\" content=\"Est. reading time\" \/>\n\t<meta name=\"twitter:data1\" content=\"1 minute\" \/>\n<script type=\"application\/ld+json\" class=\"yoast-schema-graph\">{\"@context\":\"https:\/\/schema.org\",\"@graph\":[{\"@type\":\"WebSite\",\"@id\":\"https:\/\/rotasolucoesti.com.br\/#website\",\"url\":\"https:\/\/rotasolucoesti.com.br\/\",\"name\":\"Rota Solu\u00e7\u00f5es em TI\",\"description\":\"S\u00f3 mais um site WordPress\",\"potentialAction\":[{\"@type\":\"SearchAction\",\"target\":{\"@type\":\"EntryPoint\",\"urlTemplate\":\"https:\/\/rotasolucoesti.com.br\/?s={search_term_string}\"},\"query-input\":\"required name=search_term_string\"}],\"inLanguage\":\"en-US\"},{\"@type\":\"WebPage\",\"@id\":\"https:\/\/rotasolucoesti.com.br\/index.php\/about\/extra-shortcodes\/#webpage\",\"url\":\"https:\/\/rotasolucoesti.com.br\/index.php\/about\/extra-shortcodes\/\",\"name\":\"Extra shortcodes - Rota Solu\u00e7\u00f5es em TI\",\"isPartOf\":{\"@id\":\"https:\/\/rotasolucoesti.com.br\/#website\"},\"datePublished\":\"2012-10-19T10:42:34+00:00\",\"dateModified\":\"2012-10-19T10:42:34+00:00\",\"breadcrumb\":{\"@id\":\"https:\/\/rotasolucoesti.com.br\/index.php\/about\/extra-shortcodes\/#breadcrumb\"},\"inLanguage\":\"en-US\",\"potentialAction\":[{\"@type\":\"ReadAction\",\"target\":[\"https:\/\/rotasolucoesti.com.br\/index.php\/about\/extra-shortcodes\/\"]}]},{\"@type\":\"BreadcrumbList\",\"@id\":\"https:\/\/rotasolucoesti.com.br\/index.php\/about\/extra-shortcodes\/#breadcrumb\",\"itemListElement\":[{\"@type\":\"ListItem\",\"position\":1,\"name\":\"In\u00edcio\",\"item\":\"https:\/\/rotasolucoesti.com.br\/\"},{\"@type\":\"ListItem\",\"position\":2,\"name\":\"About\",\"item\":\"https:\/\/rotasolucoesti.com.br\/index.php\/about\/\"},{\"@type\":\"ListItem\",\"position\":3,\"name\":\"Extra shortcodes\"}]}]}<\/script>\n<!-- \/ Yoast SEO plugin. -->","yoast_head_json":{"title":"Extra shortcodes - Rota Solu\u00e7\u00f5es em TI","robots":{"index":"noindex","follow":"follow","max-snippet":"max-snippet:-1","max-image-preview":"max-image-preview:large","max-video-preview":"max-video-preview:-1"},"og_locale":"en_US","og_type":"article","og_title":"Extra shortcodes - Rota Solu\u00e7\u00f5es em TI","og_description":"Self Hosted Audio File Shortcode [divider style=&#8221;blank&#8221;][\/divider] Self Hosted Video File Shortcode [divider style=&#8221;blank&#8221;][\/divider] Google Charts Shortcode [chart type=&#8221;pie&#8221; width=&#8221;500&#8243; height=&#8221;400&#8243; title=&#8221;Sample Pie Chart&#8221; bgcolor=&#8221;&#8221; font_name=&#8221;Arial&#8221; font_size=&#8221;8&#8243; chart_titles=&#8221;Task,Hours per Day&#8221;]sleep:2,eat:2,work:2[\/chart] [divider style=&#8221;blank&#8221;][\/divider] Google Map Shortcode [gmap width=&#8221;500&#8243; height=&#8221;300&#8243; latitude=&#8221;40.714623&#8243; longitude=&#8221;-74.006605&#8243; zoom=&#8221;10&#8243; controls=&#8221;&#8221; scrollwheel=&#8221;0&#8243; maptype=&#8221;ROADMAP&#8221; marker=&#8221;0&#8243; popup=&#8221;0&#8243;][\/gmap] [divider style=&#8221;blank&#8221;][\/divider] Image Shortcode with lightbox [image link=&#8221;http:\/\/&#8221; link_title=&#8221;Link [&hellip;]","og_url":"https:\/\/rotasolucoesti.com.br\/index.php\/about\/extra-shortcodes\/","og_site_name":"Rota Solu\u00e7\u00f5es em TI","author":"Alex TM","twitter_card":"summary_large_image","twitter_misc":{"Est. reading time":"1 minute"},"schema":{"@context":"https:\/\/schema.org","@graph":[{"@type":"WebSite","@id":"https:\/\/rotasolucoesti.com.br\/#website","url":"https:\/\/rotasolucoesti.com.br\/","name":"Rota Solu\u00e7\u00f5es em TI","description":"S\u00f3 mais um site WordPress","potentialAction":[{"@type":"SearchAction","target":{"@type":"EntryPoint","urlTemplate":"https:\/\/rotasolucoesti.com.br\/?s={search_term_string}"},"query-input":"required name=search_term_string"}],"inLanguage":"en-US"},{"@type":"WebPage","@id":"https:\/\/rotasolucoesti.com.br\/index.php\/about\/extra-shortcodes\/#webpage","url":"https:\/\/rotasolucoesti.com.br\/index.php\/about\/extra-shortcodes\/","name":"Extra shortcodes - Rota Solu\u00e7\u00f5es em TI","isPartOf":{"@id":"https:\/\/rotasolucoesti.com.br\/#website"},"datePublished":"2012-10-19T10:42:34+00:00","dateModified":"2012-10-19T10:42:34+00:00","breadcrumb":{"@id":"https:\/\/rotasolucoesti.com.br\/index.php\/about\/extra-shortcodes\/#breadcrumb"},"inLanguage":"en-US","potentialAction":[{"@type":"ReadAction","target":["https:\/\/rotasolucoesti.com.br\/index.php\/about\/extra-shortcodes\/"]}]},{"@type":"BreadcrumbList","@id":"https:\/\/rotasolucoesti.com.br\/index.php\/about\/extra-shortcodes\/#breadcrumb","itemListElement":[{"@type":"ListItem","position":1,"name":"In\u00edcio","item":"https:\/\/rotasolucoesti.com.br\/"},{"@type":"ListItem","position":2,"name":"About","item":"https:\/\/rotasolucoesti.com.br\/index.php\/about\/"},{"@type":"ListItem","position":3,"name":"Extra shortcodes"}]}]}},"_links":{"self":[{"href":"https:\/\/rotasolucoesti.com.br\/index.php\/wp-json\/wp\/v2\/pages\/296","targetHints":{"allow":["GET"]}}],"collection":[{"href":"https:\/\/rotasolucoesti.com.br\/index.php\/wp-json\/wp\/v2\/pages"}],"about":[{"href":"https:\/\/rotasolucoesti.com.br\/index.php\/wp-json\/wp\/v2\/types\/page"}],"author":[{"embeddable":true,"href":"https:\/\/rotasolucoesti.com.br\/index.php\/wp-json\/wp\/v2\/users\/2"}],"replies":[{"embeddable":true,"href":"https:\/\/rotasolucoesti.com.br\/index.php\/wp-json\/wp\/v2\/comments?post=296"}],"version-history":[{"count":0,"href":"https:\/\/rotasolucoesti.com.br\/index.php\/wp-json\/wp\/v2\/pages\/296\/revisions"}],"up":[{"embeddable":true,"href":"https:\/\/rotasolucoesti.com.br\/index.php\/wp-json\/wp\/v2\/pages\/14"}],"wp:attachment":[{"href":"https:\/\/rotasolucoesti.com.br\/index.php\/wp-json\/wp\/v2\/media?parent=296"}],"curies":[{"name":"wp","href":"https:\/\/api.w.org\/{rel}","templated":true}]}}