{"id":2,"date":"2020-06-22T06:38:06","date_gmt":"2020-06-22T06:38:06","guid":{"rendered":"http:\/\/rotasolucoesti.com.br\/?page_id=2"},"modified":"2021-07-06T23:33:30","modified_gmt":"2021-07-07T02:33:30","slug":"home","status":"publish","type":"page","link":"https:\/\/rotasolucoesti.com.br\/","title":{"rendered":"Home"},"content":{"rendered":"\t\t<div data-elementor-type=\"wp-page\" data-elementor-id=\"2\" class=\"elementor elementor-2\" data-elementor-settings=\"[]\">\n\t\t\t\t\t\t\t<div class=\"elementor-section-wrap\">\n\t\t\t\t\t\t\t<section class=\"elementor-section elementor-top-section elementor-element elementor-element-94702c8 elementor-section-full_width custom-section-svg elementor-section-height-default elementor-section-height-default\" data-id=\"94702c8\" data-element_type=\"section\">\r\n\t\t\t\r\n\t\t\t\t\t\t\t\t\t<div class=\"elementor-container elementor-column-gap-no\">\r\n\t\t\t\t\t\t\t\t\t\t\t<div class=\"elementor-column elementor-col-100 elementor-top-column elementor-element elementor-element-3ebbc86\" data-id=\"3ebbc86\" data-element_type=\"column\">\r\n\r\n\t\t\t\t\t<div class=\"elementor-widget-wrap elementor-element-populated\">\r\n\t\t\t\t\t\t\t\t<div class=\"elementor-element elementor-element-7f41381 elementor--h-position-center elementor--v-position-middle elementor-arrows-position-inside elementor-pagination-position-inside elementor-widget elementor-widget-slides\" data-id=\"7f41381\" data-element_type=\"widget\" data-settings=\"{&quot;navigation&quot;:&quot;both&quot;,&quot;autoplay&quot;:&quot;yes&quot;,&quot;pause_on_hover&quot;:&quot;yes&quot;,&quot;pause_on_interaction&quot;:&quot;yes&quot;,&quot;autoplay_speed&quot;:5000,&quot;infinite&quot;:&quot;yes&quot;,&quot;transition&quot;:&quot;slide&quot;,&quot;transition_speed&quot;:500}\" data-widget_type=\"slides.default\">\n\t\t\t\t<div class=\"elementor-widget-container\">\n\t\t\t\t\t<div class=\"elementor-swiper\">\n\t\t\t<div class=\"elementor-slides-wrapper elementor-main-swiper swiper-container\" dir=\"ltr\" data-animation=\"fadeInUp\">\n\t\t\t\t<div class=\"swiper-wrapper elementor-slides\">\n\t\t\t\t\t<div class=\"elementor-repeater-item-c1639e4 swiper-slide\"><div class=\"swiper-slide-bg elementor-ken-burns elementor-ken-burns--out\"><\/div><div class=\"elementor-background-overlay\"><\/div><div class=\"swiper-slide-inner\" ><div class=\"swiper-slide-contents\"><div class=\"elementor-slide-heading\">Suporte de Inform\u00e1tica<\/div><div class=\"elementor-slide-description\">\n<\/div><div  class=\"elementor-button elementor-slide-button elementor-size-sm\">Or\u00e7amento<\/div><\/div><\/div><\/div><div class=\"elementor-repeater-item-3ffbeac swiper-slide\"><div class=\"swiper-slide-bg elementor-ken-burns elementor-ken-burns--out\"><\/div><div class=\"elementor-background-overlay\"><\/div><div class=\"swiper-slide-inner\" ><div class=\"swiper-slide-contents\"><div class=\"elementor-slide-heading\">Infraestrutura de Redes<\/div><div class=\"elementor-slide-description\">\n<\/div><a href=\"http:\/\/suporte.rotasolucoesti.com.br\" target=\"_blank\" class=\"elementor-button elementor-slide-button elementor-size-sm\">Or\u00e7amento<\/a><\/div><\/div><\/div><div class=\"elementor-repeater-item-96765fa swiper-slide\"><div class=\"swiper-slide-bg elementor-ken-burns elementor-ken-burns--out\"><\/div><div class=\"elementor-background-overlay\"><\/div><div class=\"swiper-slide-inner\" ><div class=\"swiper-slide-contents\"><div class=\"elementor-slide-heading\">Cabeamento Estruturado<\/div><div class=\"elementor-slide-description\">\n<\/div><div  class=\"elementor-button elementor-slide-button elementor-size-sm\">Or\u00e7amento<\/div><\/div><\/div><\/div><div class=\"elementor-repeater-item-0fa6b5e swiper-slide\"><div class=\"swiper-slide-bg elementor-ken-burns elementor-ken-burns--out\"><\/div><div class=\"elementor-background-overlay\"><\/div><div class=\"swiper-slide-inner\" ><div class=\"swiper-slide-contents\"><div class=\"elementor-slide-heading\">Seguran\u00e7a Eletr\u00f4nica<\/div><div class=\"elementor-slide-description\">\n<\/div><div  class=\"elementor-button elementor-slide-button elementor-size-sm\">Or\u00e7amento<\/div><\/div><\/div><\/div>\t\t\t\t<\/div>\n\t\t\t\t\t\t\t\t\t\t\t\t\t\t\t<div class=\"swiper-pagination\"><\/div>\n\t\t\t\t\t\t\t\t\t\t\t\t\t\t\t\t<div class=\"elementor-swiper-button elementor-swiper-button-prev\">\n\t\t\t\t\t\t\t<i class=\"eicon-chevron-left\" aria-hidden=\"true\"><\/i>\n\t\t\t\t\t\t\t<span class=\"elementor-screen-only\">Previous<\/span>\n\t\t\t\t\t\t<\/div>\n\t\t\t\t\t\t<div class=\"elementor-swiper-button elementor-swiper-button-next\">\n\t\t\t\t\t\t\t<i class=\"eicon-chevron-right\" aria-hidden=\"true\"><\/i>\n\t\t\t\t\t\t\t<span class=\"elementor-screen-only\">Next<\/span>\n\t\t\t\t\t\t<\/div>\n\t\t\t\t\t\t\t\t\t\t\t\t<\/div>\n\t\t<\/div>\n\t\t\t\t<\/div>\n\t\t\t\t<\/div>\n\t\t\t\t<div class=\"elementor-element elementor-element-907bec9 elementor-widget elementor-widget-spacer\" data-id=\"907bec9\" data-element_type=\"widget\" data-widget_type=\"spacer.default\">\n\t\t\t\t<div class=\"elementor-widget-container\">\n\t\t\t\t\t<div class=\"elementor-spacer\">\n\t\t\t<div class=\"elementor-spacer-inner\"><\/div>\n\t\t<\/div>\n\t\t\t\t<\/div>\n\t\t\t\t<\/div>\n\t\t\t\t\t<\/div>\r\n\t\t\t\t<\/div>\r\n\t\t\t\t\t\t<\/div>\r\n\t\t\t\t<\/section>\r\n\t\t\t\t<section class=\"elementor-section elementor-top-section elementor-element elementor-element-c2d9211 pc-section-fullwidth mt-lg-5 pb-4 elementor-section-boxed elementor-section-height-default elementor-section-height-default\" data-id=\"c2d9211\" data-element_type=\"section\" data-settings=\"{&quot;background_background&quot;:&quot;classic&quot;}\">\r\n\t\t\t\r\n\t\t\t\t\t\t\t\t\t<div class=\"elementor-container elementor-column-gap-default\">\r\n\t\t\t\t\t\t\t\t\t\t\t<div class=\"elementor-column elementor-col-100 elementor-top-column elementor-element elementor-element-ac2b8e9\" data-id=\"ac2b8e9\" data-element_type=\"column\">\r\n\r\n\t\t\t\t\t<div class=\"elementor-widget-wrap elementor-element-populated\">\r\n\t\t\t\t\t\t\t\t<div class=\"elementor-element elementor-element-271a789 my-5 elementor-widget-divider--view-line elementor-widget elementor-widget-divider\" data-id=\"271a789\" data-element_type=\"widget\" data-widget_type=\"divider.default\">\n\t\t\t\t<div class=\"elementor-widget-container\">\n\t\t\t\t\t<div class=\"elementor-divider\">\n\t\t\t<span class=\"elementor-divider-separator\">\n\t\t\t\t\t\t<\/span>\n\t\t<\/div>\n\t\t\t\t<\/div>\n\t\t\t\t<\/div>\n\t\t\t\t<div class=\"elementor-element elementor-element-cc9273d mb-2 pt-5 elementor-invisible elementor-widget elementor-widget-heading\" data-id=\"cc9273d\" data-element_type=\"widget\" id=\"our_services\" data-settings=\"{&quot;_animation&quot;:&quot;fadeInUp&quot;,&quot;_animation_delay&quot;:300}\" data-widget_type=\"heading.default\">\n\t\t\t\t<div class=\"elementor-widget-container\">\n\t\t\t<p class=\"elementor-heading-title elementor-size-default\">Nossos servi\u00e7os<\/p>\t\t<\/div>\n\t\t\t\t<\/div>\n\t\t\t\t<div class=\"elementor-element elementor-element-4847465 mb-5 elementor-invisible elementor-widget elementor-widget-heading\" data-id=\"4847465\" data-element_type=\"widget\" data-settings=\"{&quot;_animation&quot;:&quot;fadeInUp&quot;,&quot;_animation_delay&quot;:500}\" data-widget_type=\"heading.default\">\n\t\t\t\t<div class=\"elementor-widget-container\">\n\t\t\t<h2 class=\"elementor-heading-title elementor-size-default\">Solu\u00e7\u00f5es para o seu neg\u00f3cio<\/h2>\t\t<\/div>\n\t\t\t\t<\/div>\n\t\t\t\t<div class=\"elementor-section elementor-inner-section elementor-element elementor-element-55710de elementor-section-full_width pt-2 mb-5 pb-2 pb-lg-4 elementor-section-height-default elementor-section-height-default\" data-id=\"55710de\" data-element_type=\"section\">\r\n\t\t\t\r\n\t\t\t\t\t\t\t\t\t<div class=\"elementor-container elementor-column-gap-default\">\r\n\t\t\t\t\t\t\t\t\t\t\t<div class=\"elementor-column elementor-col-25 elementor-inner-column elementor-element elementor-element-6804601 mb-4 mb-lg-0 elementor-invisible\" data-id=\"6804601\" data-element_type=\"column\" data-settings=\"{&quot;animation&quot;:&quot;fadeInUp&quot;,&quot;animation_delay&quot;:650}\">\r\n\r\n\t\t\t\t\t<div class=\"elementor-widget-wrap elementor-element-populated\">\r\n\t\t\t\t\t\t\t\t<div class=\"elementor-element elementor-element-a3e4145 text-center mb-4 pb-2 svg-fill-color-primary elementor-widget elementor-widget-html\" data-id=\"a3e4145\" data-element_type=\"widget\" data-widget_type=\"html.default\">\n\t\t\t\t<div class=\"elementor-widget-container\">\n\t\t\t<svg data-name=\"Material Expand\" viewBox=\"0 0 64 64\" xmlns=\"http:\/\/www.w3.org\/2000\/svg\" \n width=\"100\" height=\"100\"><path d=\"M50,16a11.9,11.9,0,0,0-4.149.74,16.992,16.992,0,0,0-33.59-.614A11.992,11.992,0,0,0,11,39.6V44a2,2,0,0,0,2,2H24v4H10v4H24v4H10v4H26a2,2,0,0,0,2-2V46h8V60a2,2,0,0,0,2,2H54V58H40V54H54V50H40V46H51a2,2,0,0,0,2-2V39.6A11.992,11.992,0,0,0,50,16ZM49,42H15V30H49Zm4-6.589V28a2,2,0,0,0-2-2H13a2,2,0,0,0-2,2v7.411A8,8,0,0,1,13.948,20l.1,0a2,2,0,0,0,2-1.868A12.991,12.991,0,0,1,42,19c0,.261-.02.517-.038.772l-.01.142a2,2,0,0,0,3.208,1.73A7.914,7.914,0,0,1,50,20a8,8,0,0,1,3,15.411Z\"\/><rect height=\"4\" width=\"4\" x=\"2\" y=\"58\"\/><rect height=\"4\" width=\"4\" x=\"2\" y=\"50\"\/><rect height=\"4\" width=\"4\" x=\"19\" y=\"34\"\/><rect height=\"4\" width=\"18\" x=\"27\" y=\"34\"\/><rect height=\"4\" width=\"4\" x=\"58\" y=\"58\"\/><rect height=\"4\" width=\"4\" x=\"58\" y=\"50\"\/><\/svg>\t\t<\/div>\n\t\t\t\t<\/div>\n\t\t\t\t<div class=\"elementor-element elementor-element-75691e5 px-lg-4 elementor-widget elementor-widget-porto_info_box\" data-id=\"75691e5\" data-element_type=\"widget\" data-widget_type=\"porto_info_box.default\">\n\t\t\t\t<div class=\"elementor-widget-container\">\n\t\t\t<div class=\"porto-sicon-box style_1 top-icon\"><div class=\"porto-sicon-header\"><h3 class=\"porto-sicon-title\" style=\"\">Servi\u00e7os em Cloud<\/h3><p >Lorem ipsum dolor sit amet, consectetur adipiscing elit. Nunc viverra erat orci.<\/p><\/div> <!-- header --><\/div><!-- porto-sicon-box -->\t\t<\/div>\n\t\t\t\t<\/div>\n\t\t\t\t\t<\/div>\r\n\t\t\t\t<\/div>\r\n\t\t\t\t<div class=\"elementor-column elementor-col-25 elementor-inner-column elementor-element elementor-element-bb4b330 mt-lg-5 mb-4 mb-lg-0 elementor-invisible\" data-id=\"bb4b330\" data-element_type=\"column\" data-settings=\"{&quot;animation&quot;:&quot;fadeInUp&quot;,&quot;animation_delay&quot;:850}\">\r\n\r\n\t\t\t\t\t<div class=\"elementor-widget-wrap elementor-element-populated\">\r\n\t\t\t\t\t\t\t\t<div class=\"elementor-element elementor-element-f09e914 px-lg-4 elementor-widget elementor-widget-porto_info_box\" data-id=\"f09e914\" data-element_type=\"widget\" data-widget_type=\"porto_info_box.default\">\n\t\t\t\t<div class=\"elementor-widget-container\">\n\t\t\t<div class=\"porto-sicon-box style_1 top-icon\"><div class=\"porto-sicon-top\"><div id=\"porto-icon-72150996069d3ea029d9b0\" class=\"porto-just-icon-wrapper porto-sicon-img\" style=\"font-size: 100px;\"><img loading=\"lazy\" decoding=\"async\" class=\"img-icon\" alt=\"\" src=\"https:\/\/www.portotheme.com\/wordpress\/porto\/wp-content\/uploads\/images\/it-services\/remove-monitor-access.svg\" width=\"100\" height=\"100\" \/><\/div><\/div><div class=\"porto-sicon-header\"><h3 class=\"porto-sicon-title\" style=\"\">Suporte T\u00e9cnico<\/h3><p >Lorem ipsum dolor sit amet, consectetur adipiscing elit. Nunc viverra erat orci.<\/p><\/div> <!-- header --><\/div><!-- porto-sicon-box -->\t\t<\/div>\n\t\t\t\t<\/div>\n\t\t\t\t\t<\/div>\r\n\t\t\t\t<\/div>\r\n\t\t\t\t<div class=\"elementor-column elementor-col-25 elementor-inner-column elementor-element elementor-element-76f5954 mb-4 mb-lg-0 elementor-invisible\" data-id=\"76f5954\" data-element_type=\"column\" data-settings=\"{&quot;animation&quot;:&quot;fadeInUp&quot;,&quot;animation_delay&quot;:1050}\">\r\n\r\n\t\t\t\t\t<div class=\"elementor-widget-wrap elementor-element-populated\">\r\n\t\t\t\t\t\t\t\t<div class=\"elementor-element elementor-element-c666c25 text-center mb-4 pb-2 svg-fill-color-primary elementor-widget elementor-widget-html\" data-id=\"c666c25\" data-element_type=\"widget\" data-widget_type=\"html.default\">\n\t\t\t\t<div class=\"elementor-widget-container\">\n\t\t\t<svg data-name=\"Material Expand\" viewBox=\"0 0 64 64\" xmlns=\"http:\/\/www.w3.org\/2000\/svg\" width=\"100\" height=\"100\"><path d=\"M60,33H54V26a2,2,0,0,0-2-2H19V19a13,13,0,0,1,26,0h4a17,17,0,0,0-34,0v5H12a2,2,0,0,0-2,2v7H4a2,2,0,0,0-2,2V51a2,2,0,0,0,2,2h6v7a2,2,0,0,0,2,2H52a2,2,0,0,0,2-2V53h6a2,2,0,0,0,2-2V35A2,2,0,0,0,60,33ZM14,28H50v5H14ZM50,58H14V53H50Zm8-9H6V37H58Z\"\/><rect height=\"4\" width=\"4\" x=\"10\" y=\"41\"\/><rect height=\"4\" width=\"4\" x=\"18\" y=\"41\"\/><rect height=\"4\" width=\"4\" x=\"26\" y=\"41\"\/><rect height=\"4\" width=\"4\" x=\"34\" y=\"41\"\/><rect height=\"4\" width=\"4\" x=\"42\" y=\"41\"\/><rect height=\"4\" width=\"4\" x=\"50\" y=\"41\"\/><\/svg>\t\t<\/div>\n\t\t\t\t<\/div>\n\t\t\t\t<div class=\"elementor-element elementor-element-e80bfc1 px-lg-4 elementor-widget elementor-widget-porto_info_box\" data-id=\"e80bfc1\" data-element_type=\"widget\" data-widget_type=\"porto_info_box.default\">\n\t\t\t\t<div class=\"elementor-widget-container\">\n\t\t\t<div class=\"porto-sicon-box style_1 top-icon\"><div class=\"porto-sicon-header\"><h3 class=\"porto-sicon-title\" style=\"\">Seguran\u00e7a de Dados<\/h3><p >Lorem ipsum dolor sit amet, consectetur adipiscing elit. Nunc viverra erat orci.<\/p><\/div> <!-- header --><\/div><!-- porto-sicon-box -->\t\t<\/div>\n\t\t\t\t<\/div>\n\t\t\t\t\t<\/div>\r\n\t\t\t\t<\/div>\r\n\t\t\t\t<div class=\"elementor-column elementor-col-25 elementor-inner-column elementor-element elementor-element-a0c4bcd mt-lg-5 mb-4 mb-lg-0 elementor-invisible\" data-id=\"a0c4bcd\" data-element_type=\"column\" data-settings=\"{&quot;animation&quot;:&quot;fadeInUp&quot;,&quot;animation_delay&quot;:1250}\">\r\n\r\n\t\t\t\t\t<div class=\"elementor-widget-wrap elementor-element-populated\">\r\n\t\t\t\t\t\t\t\t<div class=\"elementor-element elementor-element-ccf4854 px-lg-4 elementor-widget elementor-widget-porto_info_box\" data-id=\"ccf4854\" data-element_type=\"widget\" data-widget_type=\"porto_info_box.default\">\n\t\t\t\t<div class=\"elementor-widget-container\">\n\t\t\t<div class=\"porto-sicon-box style_1 top-icon\"><div class=\"porto-sicon-top\"><div id=\"porto-icon-33035251769d3ea02a0487\" class=\"porto-just-icon-wrapper porto-sicon-img\" style=\"font-size: 100px;\"><img loading=\"lazy\" decoding=\"async\" class=\"img-icon\" alt=\"\" src=\"https:\/\/www.portotheme.com\/wordpress\/porto\/wp-content\/uploads\/images\/it-services\/floppy-disk-memory.svg\" width=\"100\" height=\"100\" \/><\/div><\/div><div class=\"porto-sicon-header\"><h3 class=\"porto-sicon-title\" style=\"\">Backup<\/h3><p >Lorem ipsum dolor sit amet, consectetur adipiscing elit. Nunc viverra erat orci.<\/p><\/div> <!-- header --><div class=\"porto-sicon-description\" style=\"\" ><a class=\"porto-sicon-read xx\" href=\"https:\/\/www.portotheme.com\/wordpress\/porto\/elementor\/it-services\/it-services\/software-dev\/\">Read More +<span>&nbsp;&raquo;<\/span><\/a><\/div> <!-- description --><\/div><!-- porto-sicon-box -->\t\t<\/div>\n\t\t\t\t<\/div>\n\t\t\t\t\t<\/div>\r\n\t\t\t\t<\/div>\r\n\t\t\t\t\t\t<\/div>\r\n\t\t\t\t<\/div>\r\n\t\t\t\t\t<\/div>\r\n\t\t\t\t<\/div>\r\n\t\t\t\t\t\t<\/div>\r\n\t\t\t\t<\/section>\r\n\t\t\t\t<section class=\"elementor-section elementor-top-section elementor-element elementor-element-025081b elementor-section-full_width elementor-section-height-default elementor-section-height-default\" data-id=\"025081b\" data-element_type=\"section\">\r\n\t\t\t\r\n\t\t\t\t\t\t\t\t\t<div class=\"elementor-container elementor-column-gap-default\">\r\n\t\t\t\t\t\t\t\t\t\t\t<div class=\"elementor-column elementor-col-50 elementor-top-column elementor-element elementor-element-f7b724b\" data-id=\"f7b724b\" data-element_type=\"column\">\r\n\r\n\t\t\t\t\t<div class=\"elementor-widget-wrap elementor-element-populated\">\r\n\t\t\t\t\t\t\t\t<div class=\"elementor-element elementor-element-0cd8acf mb-1 elementor-invisible elementor-widget elementor-widget-heading\" data-id=\"0cd8acf\" data-element_type=\"widget\" data-settings=\"{&quot;_animation&quot;:&quot;fadeInUp&quot;,&quot;_animation_delay&quot;:700}\" data-widget_type=\"heading.default\">\n\t\t\t\t<div class=\"elementor-widget-container\">\n\t\t\t<p class=\"elementor-heading-title elementor-size-default\">Quem somos<\/p>\t\t<\/div>\n\t\t\t\t<\/div>\n\t\t\t\t<div class=\"elementor-element elementor-element-c4ccc4d pb-3 mb-4 elementor-invisible elementor-widget elementor-widget-porto_ultimate_heading\" data-id=\"c4ccc4d\" data-element_type=\"widget\" data-settings=\"{&quot;_animation&quot;:&quot;fadeInUp&quot;,&quot;_animation_delay&quot;:1000}\" data-widget_type=\"porto_ultimate_heading.default\">\n\t\t\t\t<div class=\"elementor-widget-container\">\n\t\t\t<div class=\"porto-u-heading\" data-hspacer=\"no_spacer\" data-halign=\"inherit\" style=\"text-align:inherit\"><div class=\"porto-u-main-heading\"><h2    style=\"margin-bottom: 2.5rem;\">Nosso foco \u00e9 agregar valor e resolver desafios de neg\u00f3cios por meio da entrega de servi\u00e7os e solu\u00e7\u00f5es de TI modernos<\/h2><\/div><div class=\"porto-u-sub-heading\" style=\"\"><p>A Rota Solu\u00e7\u00f5es em TI iniciou-se no ramo de Seguran\u00e7a Eletr\u00f4nica, e verificando a necessidade de nossos clientes, fomos aumentando nosso porf\u00f3lio na \u00e1rea, visando atender o cliente em todos os seguimentos na \u00e1rea da Tecnologia da Informa\u00e7\u00e3o.<\/p><\/div><\/div>\t\t<\/div>\n\t\t\t\t<\/div>\n\t\t\t\t\t<\/div>\r\n\t\t\t\t<\/div>\r\n\t\t\t\t<div class=\"elementor-column elementor-col-50 elementor-top-column elementor-element elementor-element-5b995b9\" data-id=\"5b995b9\" data-element_type=\"column\">\r\n\r\n\t\t\t\t\t<div class=\"elementor-widget-wrap elementor-element-populated\">\r\n\t\t\t\t\t\t\t\t<div class=\"elementor-element elementor-element-cd62ce3 elementor-widget elementor-widget-image\" data-id=\"cd62ce3\" data-element_type=\"widget\" data-widget_type=\"image.default\">\n\t\t\t\t<div class=\"elementor-widget-container\">\n\t\t\t\t\t\t\t\t\t\t\t\t\t\t\t<img loading=\"lazy\" decoding=\"async\" width=\"1024\" height=\"429\" src=\"https:\/\/rotasolucoesti.com.br\/wp-content\/uploads\/2021\/07\/Consultoria-TI-Consultores-de-Tecnologia-en-Chile.jpg\" class=\"attachment-large size-large\" alt=\"\" srcset=\"https:\/\/rotasolucoesti.com.br\/wp-content\/uploads\/2021\/07\/Consultoria-TI-Consultores-de-Tecnologia-en-Chile.jpg 1024w, https:\/\/rotasolucoesti.com.br\/wp-content\/uploads\/2021\/07\/Consultoria-TI-Consultores-de-Tecnologia-en-Chile-768x322.jpg 768w, https:\/\/rotasolucoesti.com.br\/wp-content\/uploads\/2021\/07\/Consultoria-TI-Consultores-de-Tecnologia-en-Chile-640x268.jpg 640w, https:\/\/rotasolucoesti.com.br\/wp-content\/uploads\/2021\/07\/Consultoria-TI-Consultores-de-Tecnologia-en-Chile-400x168.jpg 400w, https:\/\/rotasolucoesti.com.br\/wp-content\/uploads\/2021\/07\/Consultoria-TI-Consultores-de-Tecnologia-en-Chile-367x154.jpg 367w\" sizes=\"auto, (max-width: 1024px) 100vw, 1024px\" \/>\t\t\t\t\t\t\t\t\t\t\t\t\t\t\t<\/div>\n\t\t\t\t<\/div>\n\t\t\t\t\t<\/div>\r\n\t\t\t\t<\/div>\r\n\t\t\t\t\t\t<\/div>\r\n\t\t\t\t<\/section>\r\n\t\t\t\t\t\t<\/div>\n\t\t\t\t\t<\/div>\n\t\t","protected":false},"excerpt":{"rendered":"<p>Suporte de Inform\u00e1tica Or\u00e7amentoInfraestrutura de Redes Or\u00e7amentoCabeamento Estruturado Or\u00e7amentoSeguran\u00e7a Eletr\u00f4nica Or\u00e7amento Previous Next Nossos servi\u00e7os Solu\u00e7\u00f5es para o seu neg\u00f3cio Servi\u00e7os em Cloud Lorem ipsum dolor sit amet, consectetur adipiscing elit. Nunc viverra erat orci. Suporte T\u00e9cnico Lorem ipsum dolor sit amet, consectetur adipiscing elit. Nunc viverra erat orci. Seguran\u00e7a de Dados Lorem ipsum dolor [&hellip;]<\/p>\n","protected":false},"author":1,"featured_media":0,"parent":0,"menu_order":0,"comment_status":"closed","ping_status":"closed","template":"","meta":{"om_disable_all_campaigns":false,"_monsterinsights_skip_tracking":false,"_monsterinsights_sitenote_active":false,"_monsterinsights_sitenote_note":"","_monsterinsights_sitenote_category":0,"footnotes":""},"class_list":["post-2","page","type-page","status-publish","hentry"],"yoast_head":"<!-- This site is optimized with the Yoast SEO plugin v19.2 - https:\/\/yoast.com\/wordpress\/plugins\/seo\/ -->\n<title>Home - Rota Solu\u00e7\u00f5es em TI<\/title>\n<meta name=\"robots\" content=\"noindex, follow, max-snippet:-1, max-image-preview:large, max-video-preview:-1\" \/>\n<meta property=\"og:locale\" content=\"en_US\" \/>\n<meta property=\"og:type\" content=\"article\" \/>\n<meta property=\"og:title\" content=\"Home - Rota Solu\u00e7\u00f5es em TI\" \/>\n<meta property=\"og:description\" content=\"Suporte de Inform\u00e1tica Or\u00e7amentoInfraestrutura de Redes Or\u00e7amentoCabeamento Estruturado Or\u00e7amentoSeguran\u00e7a Eletr\u00f4nica Or\u00e7amento Previous Next Nossos servi\u00e7os Solu\u00e7\u00f5es para o seu neg\u00f3cio Servi\u00e7os em Cloud Lorem ipsum dolor sit amet, consectetur adipiscing elit. Nunc viverra erat orci. Suporte T\u00e9cnico Lorem ipsum dolor sit amet, consectetur adipiscing elit. Nunc viverra erat orci. Seguran\u00e7a de Dados Lorem ipsum dolor [&hellip;]\" \/>\n<meta property=\"og:url\" content=\"https:\/\/rotasolucoesti.com.br\/\" \/>\n<meta property=\"og:site_name\" content=\"Rota Solu\u00e7\u00f5es em TI\" \/>\n<meta property=\"article:modified_time\" content=\"2021-07-07T02:33:30+00:00\" \/>\n<meta property=\"og:image\" content=\"https:\/\/www.portotheme.com\/wordpress\/porto\/wp-content\/uploads\/images\/it-services\/remove-monitor-access.svg\" \/>\n<meta name=\"author\" content=\"tacio_frota\" \/>\n<meta name=\"twitter:card\" content=\"summary_large_image\" \/>\n<meta name=\"twitter:label1\" content=\"Est. reading time\" \/>\n\t<meta name=\"twitter:data1\" content=\"1 minute\" \/>\n<script type=\"application\/ld+json\" class=\"yoast-schema-graph\">{\"@context\":\"https:\/\/schema.org\",\"@graph\":[{\"@type\":\"WebSite\",\"@id\":\"https:\/\/rotasolucoesti.com.br\/#website\",\"url\":\"https:\/\/rotasolucoesti.com.br\/\",\"name\":\"Rota Solu\u00e7\u00f5es em TI\",\"description\":\"S\u00f3 mais um site WordPress\",\"potentialAction\":[{\"@type\":\"SearchAction\",\"target\":{\"@type\":\"EntryPoint\",\"urlTemplate\":\"https:\/\/rotasolucoesti.com.br\/?s={search_term_string}\"},\"query-input\":\"required name=search_term_string\"}],\"inLanguage\":\"en-US\"},{\"@type\":\"ImageObject\",\"inLanguage\":\"en-US\",\"@id\":\"https:\/\/rotasolucoesti.com.br\/#primaryimage\",\"url\":\"https:\/\/www.portotheme.com\/wordpress\/porto\/wp-content\/uploads\/images\/it-services\/remove-monitor-access.svg\",\"contentUrl\":\"https:\/\/www.portotheme.com\/wordpress\/porto\/wp-content\/uploads\/images\/it-services\/remove-monitor-access.svg\"},{\"@type\":\"WebPage\",\"@id\":\"https:\/\/rotasolucoesti.com.br\/#webpage\",\"url\":\"https:\/\/rotasolucoesti.com.br\/\",\"name\":\"Home - Rota Solu\u00e7\u00f5es em TI\",\"isPartOf\":{\"@id\":\"https:\/\/rotasolucoesti.com.br\/#website\"},\"primaryImageOfPage\":{\"@id\":\"https:\/\/rotasolucoesti.com.br\/#primaryimage\"},\"datePublished\":\"2020-06-22T06:38:06+00:00\",\"dateModified\":\"2021-07-07T02:33:30+00:00\",\"breadcrumb\":{\"@id\":\"https:\/\/rotasolucoesti.com.br\/#breadcrumb\"},\"inLanguage\":\"en-US\",\"potentialAction\":[{\"@type\":\"ReadAction\",\"target\":[\"https:\/\/rotasolucoesti.com.br\/\"]}]},{\"@type\":\"BreadcrumbList\",\"@id\":\"https:\/\/rotasolucoesti.com.br\/#breadcrumb\",\"itemListElement\":[{\"@type\":\"ListItem\",\"position\":1,\"name\":\"In\u00edcio\",\"item\":\"https:\/\/rotasolucoesti.com.br\/\"},{\"@type\":\"ListItem\",\"position\":2,\"name\":\"Home\"}]}]}<\/script>\n<!-- \/ Yoast SEO plugin. -->","yoast_head_json":{"title":"Home - Rota Solu\u00e7\u00f5es em TI","robots":{"index":"noindex","follow":"follow","max-snippet":"max-snippet:-1","max-image-preview":"max-image-preview:large","max-video-preview":"max-video-preview:-1"},"og_locale":"en_US","og_type":"article","og_title":"Home - Rota Solu\u00e7\u00f5es em TI","og_description":"Suporte de Inform\u00e1tica Or\u00e7amentoInfraestrutura de Redes Or\u00e7amentoCabeamento Estruturado Or\u00e7amentoSeguran\u00e7a Eletr\u00f4nica Or\u00e7amento Previous Next Nossos servi\u00e7os Solu\u00e7\u00f5es para o seu neg\u00f3cio Servi\u00e7os em Cloud Lorem ipsum dolor sit amet, consectetur adipiscing elit. Nunc viverra erat orci. Suporte T\u00e9cnico Lorem ipsum dolor sit amet, consectetur adipiscing elit. Nunc viverra erat orci. Seguran\u00e7a de Dados Lorem ipsum dolor [&hellip;]","og_url":"https:\/\/rotasolucoesti.com.br\/","og_site_name":"Rota Solu\u00e7\u00f5es em TI","article_modified_time":"2021-07-07T02:33:30+00:00","og_image":[{"url":"https:\/\/www.portotheme.com\/wordpress\/porto\/wp-content\/uploads\/images\/it-services\/remove-monitor-access.svg"}],"author":"tacio_frota","twitter_card":"summary_large_image","twitter_misc":{"Est. reading time":"1 minute"},"schema":{"@context":"https:\/\/schema.org","@graph":[{"@type":"WebSite","@id":"https:\/\/rotasolucoesti.com.br\/#website","url":"https:\/\/rotasolucoesti.com.br\/","name":"Rota Solu\u00e7\u00f5es em TI","description":"S\u00f3 mais um site WordPress","potentialAction":[{"@type":"SearchAction","target":{"@type":"EntryPoint","urlTemplate":"https:\/\/rotasolucoesti.com.br\/?s={search_term_string}"},"query-input":"required name=search_term_string"}],"inLanguage":"en-US"},{"@type":"ImageObject","inLanguage":"en-US","@id":"https:\/\/rotasolucoesti.com.br\/#primaryimage","url":"https:\/\/www.portotheme.com\/wordpress\/porto\/wp-content\/uploads\/images\/it-services\/remove-monitor-access.svg","contentUrl":"https:\/\/www.portotheme.com\/wordpress\/porto\/wp-content\/uploads\/images\/it-services\/remove-monitor-access.svg"},{"@type":"WebPage","@id":"https:\/\/rotasolucoesti.com.br\/#webpage","url":"https:\/\/rotasolucoesti.com.br\/","name":"Home - Rota Solu\u00e7\u00f5es em TI","isPartOf":{"@id":"https:\/\/rotasolucoesti.com.br\/#website"},"primaryImageOfPage":{"@id":"https:\/\/rotasolucoesti.com.br\/#primaryimage"},"datePublished":"2020-06-22T06:38:06+00:00","dateModified":"2021-07-07T02:33:30+00:00","breadcrumb":{"@id":"https:\/\/rotasolucoesti.com.br\/#breadcrumb"},"inLanguage":"en-US","potentialAction":[{"@type":"ReadAction","target":["https:\/\/rotasolucoesti.com.br\/"]}]},{"@type":"BreadcrumbList","@id":"https:\/\/rotasolucoesti.com.br\/#breadcrumb","itemListElement":[{"@type":"ListItem","position":1,"name":"In\u00edcio","item":"https:\/\/rotasolucoesti.com.br\/"},{"@type":"ListItem","position":2,"name":"Home"}]}]}},"_links":{"self":[{"href":"https:\/\/rotasolucoesti.com.br\/index.php\/wp-json\/wp\/v2\/pages\/2","targetHints":{"allow":["GET"]}}],"collection":[{"href":"https:\/\/rotasolucoesti.com.br\/index.php\/wp-json\/wp\/v2\/pages"}],"about":[{"href":"https:\/\/rotasolucoesti.com.br\/index.php\/wp-json\/wp\/v2\/types\/page"}],"author":[{"embeddable":true,"href":"https:\/\/rotasolucoesti.com.br\/index.php\/wp-json\/wp\/v2\/users\/1"}],"replies":[{"embeddable":true,"href":"https:\/\/rotasolucoesti.com.br\/index.php\/wp-json\/wp\/v2\/comments?post=2"}],"version-history":[{"count":77,"href":"https:\/\/rotasolucoesti.com.br\/index.php\/wp-json\/wp\/v2\/pages\/2\/revisions"}],"predecessor-version":[{"id":627,"href":"https:\/\/rotasolucoesti.com.br\/index.php\/wp-json\/wp\/v2\/pages\/2\/revisions\/627"}],"wp:attachment":[{"href":"https:\/\/rotasolucoesti.com.br\/index.php\/wp-json\/wp\/v2\/media?parent=2"}],"curies":[{"name":"wp","href":"https:\/\/api.w.org\/{rel}","templated":true}]}}